{"id":2601,"date":"2021-07-28T14:15:17","date_gmt":"2021-07-28T12:15:17","guid":{"rendered":"https:\/\/dev-2021.lepatron.email\/?page_id=2601"},"modified":"2021-12-01T11:40:50","modified_gmt":"2021-12-01T10:40:50","slug":"mentions-legales","status":"publish","type":"page","link":"https:\/\/www.lepatron.email\/en\/legal-information\/","title":{"rendered":"Legal information"},"content":{"rendered":"<div data-elementor-type=\"wp-page\" data-elementor-id=\"2601\" class=\"elementor elementor-2601\" data-elementor-post-type=\"page\">\n\t\t\t\t\t\t<section class=\"elementor-section elementor-top-section elementor-element elementor-element-f76666a elementor-section-height-min-height elementor-section-boxed elementor-section-height-default elementor-section-items-middle\" data-id=\"f76666a\" data-element_type=\"section\" data-e-type=\"section\" data-settings=\"{&quot;background_background&quot;:&quot;gradient&quot;,&quot;shape_divider_bottom&quot;:&quot;curve&quot;}\">\n\t\t\t\t\t\t\t<div class=\"elementor-background-overlay\"><\/div>\n\t\t\t\t\t\t<div class=\"elementor-shape elementor-shape-bottom\" aria-hidden=\"true\" data-negative=\"false\">\n\t\t\t<svg xmlns=\"http:\/\/www.w3.org\/2000\/svg\" viewbox=\"0 0 1000 100\" preserveaspectratio=\"none\">\n    <path class=\"elementor-shape-fill\" d=\"M1000,4.3V0H0v4.3C0.9,23.1,126.7,99.2,500,100S1000,22.7,1000,4.3z\"\/>\n<\/svg>\t\t<\/div>\n\t\t\t\t\t<div class=\"elementor-container elementor-column-gap-default\">\n\t\t\t\t\t<div class=\"elementor-column elementor-col-100 elementor-top-column elementor-element elementor-element-7f79f9a\" data-id=\"7f79f9a\" data-element_type=\"column\" data-e-type=\"column\">\n\t\t\t<div class=\"elementor-widget-wrap elementor-element-populated\">\n\t\t\t\t\t\t<div class=\"elementor-element elementor-element-25d267d elementor-widget elementor-widget-heading\" data-id=\"25d267d\" data-element_type=\"widget\" data-e-type=\"widget\" data-widget_type=\"heading.default\">\n\t\t\t\t<div class=\"elementor-widget-container\">\n\t\t\t\t\t<h1 class=\"elementor-heading-title elementor-size-default\">Legal information<br>LePatron.email<\/h1>\t\t\t\t<\/div>\n\t\t\t\t<\/div>\n\t\t\t\t\t<\/div>\n\t\t<\/div>\n\t\t\t\t\t<\/div>\n\t\t<\/section>\n\t\t\t\t<section class=\"elementor-section elementor-top-section elementor-element elementor-element-b3e9988 elementor-section-boxed elementor-section-height-default elementor-section-height-default\" data-id=\"b3e9988\" data-element_type=\"section\" data-e-type=\"section\" data-settings=\"{&quot;background_background&quot;:&quot;classic&quot;}\">\n\t\t\t\t\t\t\t<div class=\"elementor-background-overlay\"><\/div>\n\t\t\t\t\t\t\t<div class=\"elementor-container elementor-column-gap-default\">\n\t\t\t\t\t<div class=\"elementor-column elementor-col-100 elementor-top-column elementor-element elementor-element-33853d2\" data-id=\"33853d2\" data-element_type=\"column\" data-e-type=\"column\">\n\t\t\t<div class=\"elementor-widget-wrap elementor-element-populated\">\n\t\t\t\t\t\t<div class=\"elementor-element elementor-element-531d4a4 elementor-widget elementor-widget-heading\" data-id=\"531d4a4\" data-element_type=\"widget\" data-e-type=\"widget\" data-widget_type=\"heading.default\">\n\t\t\t\t<div class=\"elementor-widget-container\">\n\t\t\t\t\t<h2 class=\"elementor-heading-title elementor-size-default\">Site published by Badsender.com<\/h2>\t\t\t\t<\/div>\n\t\t\t\t<\/div>\n\t\t\t\t<div class=\"elementor-element elementor-element-133ea0d elementor-widget elementor-widget-text-editor\" data-id=\"133ea0d\" data-element_type=\"widget\" data-e-type=\"widget\" data-widget_type=\"text-editor.default\">\n\t\t\t\t<div class=\"elementor-widget-container\">\n\t\t\t\t\t\t\t\t\t<p><strong>SPRL Badsender.com<\/strong><br \/>Square de Mee\u00fbs, 35<br \/>3rd floor<br \/>1000 Brussels<br \/>Belgium<\/p><p>SIREN : 813 108 123<br \/>VAT NUMBER : FR 03 813108123<\/p><p>Director of Publication:<br \/>Jonathan Loriaux, Manager<\/p>\t\t\t\t\t\t\t\t<\/div>\n\t\t\t\t<\/div>\n\t\t\t\t<div class=\"elementor-element elementor-element-47aa2f6 elementor-widget elementor-widget-heading\" data-id=\"47aa2f6\" data-element_type=\"widget\" data-e-type=\"widget\" data-widget_type=\"heading.default\">\n\t\t\t\t<div class=\"elementor-widget-container\">\n\t\t\t\t\t<h3 class=\"elementor-heading-title elementor-size-small\">Hosting<\/h3>\t\t\t\t<\/div>\n\t\t\t\t<\/div>\n\t\t\t\t<div class=\"elementor-element elementor-element-b0e0048 elementor-widget elementor-widget-text-editor\" data-id=\"b0e0048\" data-element_type=\"widget\" data-e-type=\"widget\" data-widget_type=\"text-editor.default\">\n\t\t\t\t<div class=\"elementor-widget-container\">\n\t\t\t\t\t\t\t\t\t<strong>Infomaniak Network SA<\/strong><br>\n\nRue Eug\u00e8ne-Marziano 25<br>\n1227 Geneva<br>\n\nSwitzerland<br>\n\n<a href=\"https:\/\/www.infomaniak.com\/fr\" target=\"_blank\" rel=\"noopener\">www.infomaniak.com<\/a>\t\t\t\t\t\t\t\t<\/div>\n\t\t\t\t<\/div>\n\t\t\t\t<div class=\"elementor-element elementor-element-13cdec7 elementor-widget elementor-widget-heading\" data-id=\"13cdec7\" data-element_type=\"widget\" data-e-type=\"widget\" data-widget_type=\"heading.default\">\n\t\t\t\t<div class=\"elementor-widget-container\">\n\t\t\t\t\t<h3 class=\"elementor-heading-title elementor-size-default\">Purpose and quality of content<\/h3>\t\t\t\t<\/div>\n\t\t\t\t<\/div>\n\t\t\t\t<div class=\"elementor-element elementor-element-8935c7d elementor-widget elementor-widget-text-editor\" data-id=\"8935c7d\" data-element_type=\"widget\" data-e-type=\"widget\" data-widget_type=\"text-editor.default\">\n\t\t\t\t<div class=\"elementor-widget-container\">\n\t\t\t\t\t\t\t\t\t<p>The purpose of this site is to present the LePatron email builder to marketing professionals and to inform them about best practices in email marketing. This site also aims to present the commercial services related to the use of the tool as well as to offer services. LePatron strives to provide quality and verified information, however if any information seems inaccurate or contains a typographical error, you can <a href=\"https:\/\/dev-2021.lepatron.email\/contact\/\">report it to the site administrator<\/a>.<\/p>\t\t\t\t\t\t\t\t<\/div>\n\t\t\t\t<\/div>\n\t\t\t\t<div class=\"elementor-element elementor-element-e7d7a6f elementor-widget elementor-widget-heading\" data-id=\"e7d7a6f\" data-element_type=\"widget\" data-e-type=\"widget\" data-widget_type=\"heading.default\">\n\t\t\t\t<div class=\"elementor-widget-container\">\n\t\t\t\t\t<h3 class=\"elementor-heading-title elementor-size-default\">Use of the trademark<\/h3>\t\t\t\t<\/div>\n\t\t\t\t<\/div>\n\t\t\t\t<div class=\"elementor-element elementor-element-71f1a9a elementor-widget elementor-widget-text-editor\" data-id=\"71f1a9a\" data-element_type=\"widget\" data-e-type=\"widget\" data-widget_type=\"text-editor.default\">\n\t\t\t\t<div class=\"elementor-widget-container\">\n\t\t\t\t\t\t\t\t\tThe verbal and visual trademarks (logos) LePatron are protected. Their use without written authorization from Badsender, on any medium, for the purpose of promoting products or services, in particular for commercial purposes, is forbidden under penalty of criminal and civil proceedings.\t\t\t\t\t\t\t\t<\/div>\n\t\t\t\t<\/div>\n\t\t\t\t<div class=\"elementor-element elementor-element-edbbafc elementor-widget elementor-widget-heading\" data-id=\"edbbafc\" data-element_type=\"widget\" data-e-type=\"widget\" data-widget_type=\"heading.default\">\n\t\t\t\t<div class=\"elementor-widget-container\">\n\t\t\t\t\t<h3 class=\"elementor-heading-title elementor-size-default\">Reuse of content<\/h3>\t\t\t\t<\/div>\n\t\t\t\t<\/div>\n\t\t\t\t<div class=\"elementor-element elementor-element-c59ebca elementor-widget elementor-widget-text-editor\" data-id=\"c59ebca\" data-element_type=\"widget\" data-e-type=\"widget\" data-widget_type=\"text-editor.default\">\n\t\t\t\t<div class=\"elementor-widget-container\">\n\t\t\t\t\t\t\t\t\t<p>Unless otherwise stated, the reuse of LePatron.email content is strictly forbidden. If you wish to use some of our contents, please do not hesitate to <a href=\"https:\/\/dev-2021.lepatron.email\/contact\/\">contact us<\/a>.<\/p>\t\t\t\t\t\t\t\t<\/div>\n\t\t\t\t<\/div>\n\t\t\t\t\t<\/div>\n\t\t<\/div>\n\t\t\t\t\t<\/div>\n\t\t<\/section>\n\t\t\t\t<\/div>","protected":false},"excerpt":{"rendered":"<p>Mentions l\u00e9galesLePatron.email Site \u00e9dit\u00e9 par Badsender.com SPRL Badsender.comSquare de Mee\u00fbs, 353e \u00e9tage1000 BruxellesBelgique SIREN : 813 108 123N\u00b0 TVA : FR 03 813108123 Directeur de la publication :Jonathan Loriaux, G\u00e9rant H\u00e9bergement Infomaniak Network SA Rue Eug\u00e8ne-Marziano 25 1227 Gen\u00e8ve Suisse www.infomaniak.com Objectif et qualit\u00e9 des contenus Ce site a pour objectif de pr\u00e9senter l&#8217;email builder [&hellip;]<\/p>\n","protected":false},"author":7,"featured_media":0,"parent":0,"menu_order":0,"comment_status":"closed","ping_status":"closed","template":"","meta":{"footnotes":""},"class_list":["post-2601","page","type-page","status-publish","hentry"],"yoast_head":"<!-- This site is optimized with the Yoast SEO Premium plugin v27.0 (Yoast SEO v27.5) - https:\/\/yoast.com\/product\/yoast-seo-premium-wordpress\/ -->\n<title>Mentions l\u00e9gales - LePatron.email - L&#039;emailing sur mesure<\/title>\n<meta name=\"description\" content=\"Mentions l\u00e9galesLePatron.email Site \u00e9dit\u00e9 par Badsender.com SPRL Badsender.comSquare de Mee\u00fbs, 353e \u00e9tage1000 BruxellesBelgiqueSIREN : 813 108 123N\u00b0 TVA :\" \/>\n<meta name=\"robots\" content=\"index, follow, max-snippet:-1, max-image-preview:large, max-video-preview:-1\" \/>\n<link rel=\"canonical\" href=\"https:\/\/www.lepatron.email\/en\/mentions-legales\/\" \/>\n<meta property=\"og:locale\" content=\"en_US\" \/>\n<meta property=\"og:type\" content=\"article\" \/>\n<meta property=\"og:title\" content=\"Mentions l\u00e9gales - LePatron.email - L&#039;emailing sur mesure\" \/>\n<meta property=\"og:description\" content=\"Mentions l\u00e9galesLePatron.email Site \u00e9dit\u00e9 par Badsender.com SPRL Badsender.comSquare de Mee\u00fbs, 353e \u00e9tage1000 BruxellesBelgiqueSIREN : 813 108 123N\u00b0 TVA :\" \/>\n<meta property=\"og:url\" content=\"https:\/\/www.lepatron.email\/en\/mentions-legales\/\" \/>\n<meta property=\"og:site_name\" content=\"LePatron.email - L&#039;emailing sur mesure\" \/>\n<meta property=\"article:modified_time\" content=\"2021-12-01T10:40:50+00:00\" \/>\n<meta property=\"og:image\" content=\"https:\/\/www.lepatron.email\/wp-content\/uploads\/2021\/07\/github-cover.png\" \/>\n\t<meta property=\"og:image:width\" content=\"1280\" \/>\n\t<meta property=\"og:image:height\" content=\"640\" \/>\n\t<meta property=\"og:image:type\" content=\"image\/png\" \/>\n<meta name=\"twitter:card\" content=\"summary_large_image\" \/>\n<meta name=\"twitter:site\" content=\"@EmailLepatron\" \/>\n<meta name=\"twitter:label1\" content=\"Est. reading time\" \/>\n\t<meta name=\"twitter:data1\" content=\"1 minute\" \/>\n<script type=\"application\/ld+json\" class=\"yoast-schema-graph\">{\"@context\":\"https:\\\/\\\/schema.org\",\"@graph\":[{\"@type\":\"WebPage\",\"@id\":\"https:\\\/\\\/www.lepatron.email\\\/mentions-legales\\\/\",\"url\":\"https:\\\/\\\/www.lepatron.email\\\/mentions-legales\\\/\",\"name\":\"Mentions l\u00e9gales - LePatron.email - L&#039;emailing sur mesure\",\"isPartOf\":{\"@id\":\"https:\\\/\\\/www.lepatron.email\\\/#website\"},\"datePublished\":\"2021-07-28T12:15:17+00:00\",\"dateModified\":\"2021-12-01T10:40:50+00:00\",\"description\":\"Mentions l\u00e9galesLePatron.email Site \u00e9dit\u00e9 par Badsender.com SPRL Badsender.comSquare de Mee\u00fbs, 353e \u00e9tage1000 BruxellesBelgiqueSIREN : 813 108 123N\u00b0 TVA :\",\"breadcrumb\":{\"@id\":\"https:\\\/\\\/www.lepatron.email\\\/mentions-legales\\\/#breadcrumb\"},\"inLanguage\":\"en-US\",\"potentialAction\":[{\"@type\":\"ReadAction\",\"target\":[\"https:\\\/\\\/www.lepatron.email\\\/mentions-legales\\\/\"]}]},{\"@type\":\"BreadcrumbList\",\"@id\":\"https:\\\/\\\/www.lepatron.email\\\/mentions-legales\\\/#breadcrumb\",\"itemListElement\":[{\"@type\":\"ListItem\",\"position\":1,\"name\":\"Accueil\",\"item\":\"https:\\\/\\\/www.lepatron.email\\\/\"},{\"@type\":\"ListItem\",\"position\":2,\"name\":\"Mentions l\u00e9gales\"}]},{\"@type\":\"WebSite\",\"@id\":\"https:\\\/\\\/www.lepatron.email\\\/#website\",\"url\":\"https:\\\/\\\/www.lepatron.email\\\/\",\"name\":\"LePatron.email - L&#039;emailing sur mesure\",\"description\":\"L&#039;email builder pour cr\u00e9er vos emails sur mesure.\",\"publisher\":{\"@id\":\"https:\\\/\\\/www.lepatron.email\\\/#organization\"},\"potentialAction\":[{\"@type\":\"SearchAction\",\"target\":{\"@type\":\"EntryPoint\",\"urlTemplate\":\"https:\\\/\\\/www.lepatron.email\\\/?s={search_term_string}\"},\"query-input\":{\"@type\":\"PropertyValueSpecification\",\"valueRequired\":true,\"valueName\":\"search_term_string\"}}],\"inLanguage\":\"en-US\"},{\"@type\":\"Organization\",\"@id\":\"https:\\\/\\\/www.lepatron.email\\\/#organization\",\"name\":\"LePatron\",\"url\":\"https:\\\/\\\/www.lepatron.email\\\/\",\"logo\":{\"@type\":\"ImageObject\",\"inLanguage\":\"en-US\",\"@id\":\"https:\\\/\\\/www.lepatron.email\\\/#\\\/schema\\\/logo\\\/image\\\/\",\"url\":\"https:\\\/\\\/dev-2021.lepatron.email\\\/wp-content\\\/uploads\\\/2021\\\/07\\\/Twitter-Profile.png\",\"contentUrl\":\"https:\\\/\\\/dev-2021.lepatron.email\\\/wp-content\\\/uploads\\\/2021\\\/07\\\/Twitter-Profile.png\",\"width\":400,\"height\":400,\"caption\":\"LePatron\"},\"image\":{\"@id\":\"https:\\\/\\\/www.lepatron.email\\\/#\\\/schema\\\/logo\\\/image\\\/\"},\"sameAs\":[\"https:\\\/\\\/x.com\\\/EmailLepatron\",\"https:\\\/\\\/www.linkedin.com\\\/company\\\/lepatron-email\"]}]}<\/script>\n<!-- \/ Yoast SEO Premium plugin. -->","yoast_head_json":{"title":"Legal information - LePatron.email - Customized emailing","description":"Legal mentionsLePatron.email Site published by Badsender.com SPRL Badsender.comSquare de Mee\u00fbs, 353e \u00e9tage1000 BruxellesBelgiqueSIREN : 813 108 123N\u00b0 TVA :","robots":{"index":"index","follow":"follow","max-snippet":"max-snippet:-1","max-image-preview":"max-image-preview:large","max-video-preview":"max-video-preview:-1"},"canonical":"https:\/\/www.lepatron.email\/en\/mentions-legales\/","og_locale":"en_US","og_type":"article","og_title":"Mentions l\u00e9gales - LePatron.email - L&#039;emailing sur mesure","og_description":"Mentions l\u00e9galesLePatron.email Site \u00e9dit\u00e9 par Badsender.com SPRL Badsender.comSquare de Mee\u00fbs, 353e \u00e9tage1000 BruxellesBelgiqueSIREN : 813 108 123N\u00b0 TVA :","og_url":"https:\/\/www.lepatron.email\/en\/mentions-legales\/","og_site_name":"LePatron.email - L&#039;emailing sur mesure","article_modified_time":"2021-12-01T10:40:50+00:00","og_image":[{"width":1280,"height":640,"url":"https:\/\/www.lepatron.email\/wp-content\/uploads\/2021\/07\/github-cover.png","type":"image\/png"}],"twitter_card":"summary_large_image","twitter_site":"@EmailLepatron","twitter_misc":{"Est. reading time":"1 minute"},"schema":{"@context":"https:\/\/schema.org","@graph":[{"@type":"WebPage","@id":"https:\/\/www.lepatron.email\/mentions-legales\/","url":"https:\/\/www.lepatron.email\/mentions-legales\/","name":"Legal information - LePatron.email - Customized emailing","isPartOf":{"@id":"https:\/\/www.lepatron.email\/#website"},"datePublished":"2021-07-28T12:15:17+00:00","dateModified":"2021-12-01T10:40:50+00:00","description":"Legal mentionsLePatron.email Site published by Badsender.com SPRL Badsender.comSquare de Mee\u00fbs, 353e \u00e9tage1000 BruxellesBelgiqueSIREN : 813 108 123N\u00b0 TVA :","breadcrumb":{"@id":"https:\/\/www.lepatron.email\/mentions-legales\/#breadcrumb"},"inLanguage":"en-US","potentialAction":[{"@type":"ReadAction","target":["https:\/\/www.lepatron.email\/mentions-legales\/"]}]},{"@type":"BreadcrumbList","@id":"https:\/\/www.lepatron.email\/mentions-legales\/#breadcrumb","itemListElement":[{"@type":"ListItem","position":1,"name":"Accueil","item":"https:\/\/www.lepatron.email\/"},{"@type":"ListItem","position":2,"name":"Mentions l\u00e9gales"}]},{"@type":"WebSite","@id":"https:\/\/www.lepatron.email\/#website","url":"https:\/\/www.lepatron.email\/","name":"LePatron.email - Tailor-made emailing","description":"The email builder to create your custom emails.","publisher":{"@id":"https:\/\/www.lepatron.email\/#organization"},"potentialAction":[{"@type":"SearchAction","target":{"@type":"EntryPoint","urlTemplate":"https:\/\/www.lepatron.email\/?s={search_term_string}"},"query-input":{"@type":"PropertyValueSpecification","valueRequired":true,"valueName":"search_term_string"}}],"inLanguage":"en-US"},{"@type":"Organization","@id":"https:\/\/www.lepatron.email\/#organization","name":"LePatron","url":"https:\/\/www.lepatron.email\/","logo":{"@type":"ImageObject","inLanguage":"en-US","@id":"https:\/\/www.lepatron.email\/#\/schema\/logo\/image\/","url":"https:\/\/dev-2021.lepatron.email\/wp-content\/uploads\/2021\/07\/Twitter-Profile.png","contentUrl":"https:\/\/dev-2021.lepatron.email\/wp-content\/uploads\/2021\/07\/Twitter-Profile.png","width":400,"height":400,"caption":"LePatron"},"image":{"@id":"https:\/\/www.lepatron.email\/#\/schema\/logo\/image\/"},"sameAs":["https:\/\/x.com\/EmailLepatron","https:\/\/www.linkedin.com\/company\/lepatron-email"]}]}},"_links":{"self":[{"href":"https:\/\/www.lepatron.email\/en\/wp-json\/wp\/v2\/pages\/2601","targetHints":{"allow":["GET"]}}],"collection":[{"href":"https:\/\/www.lepatron.email\/en\/wp-json\/wp\/v2\/pages"}],"about":[{"href":"https:\/\/www.lepatron.email\/en\/wp-json\/wp\/v2\/types\/page"}],"author":[{"embeddable":true,"href":"https:\/\/www.lepatron.email\/en\/wp-json\/wp\/v2\/users\/7"}],"replies":[{"embeddable":true,"href":"https:\/\/www.lepatron.email\/en\/wp-json\/wp\/v2\/comments?post=2601"}],"version-history":[{"count":0,"href":"https:\/\/www.lepatron.email\/en\/wp-json\/wp\/v2\/pages\/2601\/revisions"}],"wp:attachment":[{"href":"https:\/\/www.lepatron.email\/en\/wp-json\/wp\/v2\/media?parent=2601"}],"curies":[{"name":"wp","href":"https:\/\/api.w.org\/{rel}","templated":true}]}}